{"id":2,"date":"2016-09-08T10:58:05","date_gmt":"2016-09-08T10:58:05","guid":{"rendered":"http:\/\/producersatwork.com\/?page_id=2"},"modified":"2024-03-18T15:28:44","modified_gmt":"2024-03-18T14:28:44","slug":"impressum","status":"publish","type":"page","link":"https:\/\/producersatwork.com\/en\/impressum\/","title":{"rendered":"Impressum"},"content":{"rendered":"<p><strong>Impressum<\/strong><\/p>\n<p>Producers at Work Film GmbH<br \/>\nGesch\u00e4ftsf\u00fchrer:\u00a0Christian Popp<br \/>\nKarl-Heinrich-Ulrichs-Stra\u00dfe 20b<br \/>\nChristian Popp<br \/>\n10785 Berlin<\/p>\n<p>Tel. +49 (0) 30 34 34 73 501<br \/>\nFax +49 (0) 30 34 34 73 555<br \/>\nemail@producersatwork.de<\/p>\n<p>UST-Ident-Nr-DE: 814 508 413<\/p>\n<p>Producers at Work GmbH, Berlin<br \/>\nAmtsgericht: Berlin Charlottenburg<br \/>\nHandelsregisternummer: HRB 98187 B<\/p>\n<p><strong>Haftungsausschluss und Nutzungsbedingungen<\/strong><br \/>\nDie Producers at Work GmbH bem\u00fcht sich, auf der Website richtige und vollst\u00e4ndige Informationen zur Verf\u00fcgung zu stellen, \u00fcbernimmt jedoch keine Haftung oder Garantie f\u00fcr die Aktualit\u00e4t, Richtigkeit und Vollst\u00e4ndigkeit der auf dieser Website bereitgestellten Informationen. Die Producers at Work GmbH beh\u00e4lt sich das Recht vor, ohne vorherige Ank\u00fcndigung \u00c4nderungen oder Erg\u00e4nzungen der bereitgestellten Informationen vorzunehmen. F\u00fcr die Inhalte externer Internetseiten ist die Producers at Work GmbH nicht verantwortlich.<\/p>\n<p>Der Inhalt dieser Website ist urheberrechtlich gesch\u00fctzt. Die Producers at Work GmbH gew\u00e4hrt Ihnen jedoch das Recht, den auf dieser Website bereitgestellten Text ganz oder ausschnittsweise zu speichern und zu vervielf\u00e4ltigen.<\/p>\n<p>Die Producers at Work GmbH haftet nicht f\u00fcr direkte oder indirekte Sch\u00e4den, einschlie\u00dflich entgangenen Gewinns, die aufgrund von oder sonst wie in Verbindung mit Informationen entstehen, die auf dieser Website bereitgestellt werden.<\/p>\n<p><strong>Nutzungsbedingungen f\u00fcr Verwendung von Inhalten<\/strong><br \/>\nDas Abrufen, Kopieren, Abspeichern und das Be- und Umarbeiten der Webseiten, deren Inhalten oder der mit den Darstellungswerkzeugen generierten oder angezeigten Ergebnisse, im Ganzen oder in Teilen, darf allein zum privaten, nicht kommerziellen Gebrauch vorgenommen werden. Urheberrechtshinweise und Markenbezeichnungen d\u00fcrfen weder ver\u00e4ndert noch beseitigt werden. Alle dar\u00fcber hinausgehenden Handlungen bed\u00fcrfen einer vorherigen schriftlichen Genehmigung durch die Producers at Work GmbH. Der Abruf der bereitgehaltenen Informationen darf nur in einer Art und Weise geschehen, dass die Nutzung des Producers at Works-Angebots durch die \u00fcbrigen Besucher nicht beeintr\u00e4chtigt.<\/p>\n<p>Die Einrichtung eines Hyper- und eines Inline-Links von anderen Webseiten auf eine der zu diesem Online-Angebot geh\u00fcrenden Webseiten, ohne vorherige schriftliche Zustimmung der Producers at Work GmbH, wird ausdr\u00fccklich untersagt. Insbesondere ist es unzul\u00e4ssig, die zu diesem Online-Angebot geh\u00f6renden Webseiten oder deren Inhalte mittels eines Hyperlinks in einem Teilfenster [Frame] einzubinden oder darzustellen.<\/p>\n","protected":false},"excerpt":{"rendered":"<p>Impressum Producers at Work Film GmbH Gesch\u00e4ftsf\u00fchrer:\u00a0Christian Popp Karl-Heinrich-Ulrichs-Stra\u00dfe 20b Christian Popp 10785 Berlin Tel. +49 (0) 30 34 34 73 501 Fax +49 (0) 30 34 34 73 555 email@producersatwork.de UST-Ident-Nr-DE: 814 508 413 Producers at Work GmbH, Berlin Amtsgericht: Berlin Charlottenburg Handelsregisternummer: HRB 98187 B Haftungsausschluss und Nutzungsbedingungen Die Producers at Work GmbH &hellip; <\/p>\n<p class=\"link-more\"><a href=\"https:\/\/producersatwork.com\/en\/impressum\/\" class=\"more-link\">Continue reading<span class=\"screen-reader-text\"> &#8220;Impressum&#8221;<\/span><\/a><\/p>\n","protected":false},"author":1,"featured_media":0,"parent":0,"menu_order":0,"comment_status":"closed","ping_status":"open","template":"","meta":{"footnotes":""},"class_list":["post-2","page","type-page","status-publish","hentry"],"yoast_head":"<!-- This site is optimized with the Yoast SEO plugin v27.1.1 - https:\/\/yoast.com\/product\/yoast-seo-wordpress\/ -->\n<title>Impressum - Producers at Work EN<\/title>\n<meta name=\"robots\" content=\"index, follow, max-snippet:-1, max-image-preview:large, max-video-preview:-1\" \/>\n<link rel=\"canonical\" href=\"https:\/\/producersatwork.com\/en\/impressum\/\" \/>\n<meta property=\"og:locale\" content=\"en_US\" \/>\n<meta property=\"og:type\" content=\"article\" \/>\n<meta property=\"og:title\" content=\"Impressum - Producers at Work EN\" \/>\n<meta property=\"og:description\" content=\"Impressum Producers at Work Film GmbH Gesch\u00e4ftsf\u00fchrer:\u00a0Christian Popp Karl-Heinrich-Ulrichs-Stra\u00dfe 20b Christian Popp 10785 Berlin Tel. +49 (0) 30 34 34 73 501 Fax +49 (0) 30 34 34 73 555 email@producersatwork.de UST-Ident-Nr-DE: 814 508 413 Producers at Work GmbH, Berlin Amtsgericht: Berlin Charlottenburg Handelsregisternummer: HRB 98187 B Haftungsausschluss und Nutzungsbedingungen Die Producers at Work GmbH &hellip; Continue reading &quot;Impressum&quot;\" \/>\n<meta property=\"og:url\" content=\"https:\/\/producersatwork.com\/en\/impressum\/\" \/>\n<meta property=\"og:site_name\" content=\"Producers at Work EN\" \/>\n<meta property=\"article:modified_time\" content=\"2024-03-18T14:28:44+00:00\" \/>\n<meta name=\"twitter:card\" content=\"summary_large_image\" \/>\n<meta name=\"twitter:label1\" content=\"Est. reading time\" \/>\n\t<meta name=\"twitter:data1\" content=\"2 minutes\" \/>\n<script type=\"application\/ld+json\" class=\"yoast-schema-graph\">{\"@context\":\"https:\/\/schema.org\",\"@graph\":[{\"@type\":\"WebPage\",\"@id\":\"https:\/\/producersatwork.com\/en\/impressum\/\",\"url\":\"https:\/\/producersatwork.com\/en\/impressum\/\",\"name\":\"Impressum - Producers at Work EN\",\"isPartOf\":{\"@id\":\"https:\/\/producersatwork.com\/en\/#website\"},\"datePublished\":\"2016-09-08T10:58:05+00:00\",\"dateModified\":\"2024-03-18T14:28:44+00:00\",\"breadcrumb\":{\"@id\":\"https:\/\/producersatwork.com\/en\/impressum\/#breadcrumb\"},\"inLanguage\":\"en-US\",\"potentialAction\":[{\"@type\":\"ReadAction\",\"target\":[\"https:\/\/producersatwork.com\/en\/impressum\/\"]}]},{\"@type\":\"BreadcrumbList\",\"@id\":\"https:\/\/producersatwork.com\/en\/impressum\/#breadcrumb\",\"itemListElement\":[{\"@type\":\"ListItem\",\"position\":1,\"name\":\"Startseite\",\"item\":\"https:\/\/producersatwork.com\/en\/\"},{\"@type\":\"ListItem\",\"position\":2,\"name\":\"Impressum\"}]},{\"@type\":\"WebSite\",\"@id\":\"https:\/\/producersatwork.com\/en\/#website\",\"url\":\"https:\/\/producersatwork.com\/en\/\",\"name\":\"Producers at Work EN\",\"description\":\"\",\"potentialAction\":[{\"@type\":\"SearchAction\",\"target\":{\"@type\":\"EntryPoint\",\"urlTemplate\":\"https:\/\/producersatwork.com\/en\/?s={search_term_string}\"},\"query-input\":{\"@type\":\"PropertyValueSpecification\",\"valueRequired\":true,\"valueName\":\"search_term_string\"}}],\"inLanguage\":\"en-US\"}]}<\/script>\n<!-- \/ Yoast SEO plugin. -->","yoast_head_json":{"title":"Impressum - Producers at Work EN","robots":{"index":"index","follow":"follow","max-snippet":"max-snippet:-1","max-image-preview":"max-image-preview:large","max-video-preview":"max-video-preview:-1"},"canonical":"https:\/\/producersatwork.com\/en\/impressum\/","og_locale":"en_US","og_type":"article","og_title":"Impressum - Producers at Work EN","og_description":"Impressum Producers at Work Film GmbH Gesch\u00e4ftsf\u00fchrer:\u00a0Christian Popp Karl-Heinrich-Ulrichs-Stra\u00dfe 20b Christian Popp 10785 Berlin Tel. +49 (0) 30 34 34 73 501 Fax +49 (0) 30 34 34 73 555 email@producersatwork.de UST-Ident-Nr-DE: 814 508 413 Producers at Work GmbH, Berlin Amtsgericht: Berlin Charlottenburg Handelsregisternummer: HRB 98187 B Haftungsausschluss und Nutzungsbedingungen Die Producers at Work GmbH &hellip; Continue reading \"Impressum\"","og_url":"https:\/\/producersatwork.com\/en\/impressum\/","og_site_name":"Producers at Work EN","article_modified_time":"2024-03-18T14:28:44+00:00","twitter_card":"summary_large_image","twitter_misc":{"Est. reading time":"2 minutes"},"schema":{"@context":"https:\/\/schema.org","@graph":[{"@type":"WebPage","@id":"https:\/\/producersatwork.com\/en\/impressum\/","url":"https:\/\/producersatwork.com\/en\/impressum\/","name":"Impressum - Producers at Work EN","isPartOf":{"@id":"https:\/\/producersatwork.com\/en\/#website"},"datePublished":"2016-09-08T10:58:05+00:00","dateModified":"2024-03-18T14:28:44+00:00","breadcrumb":{"@id":"https:\/\/producersatwork.com\/en\/impressum\/#breadcrumb"},"inLanguage":"en-US","potentialAction":[{"@type":"ReadAction","target":["https:\/\/producersatwork.com\/en\/impressum\/"]}]},{"@type":"BreadcrumbList","@id":"https:\/\/producersatwork.com\/en\/impressum\/#breadcrumb","itemListElement":[{"@type":"ListItem","position":1,"name":"Startseite","item":"https:\/\/producersatwork.com\/en\/"},{"@type":"ListItem","position":2,"name":"Impressum"}]},{"@type":"WebSite","@id":"https:\/\/producersatwork.com\/en\/#website","url":"https:\/\/producersatwork.com\/en\/","name":"Producers at Work EN","description":"","potentialAction":[{"@type":"SearchAction","target":{"@type":"EntryPoint","urlTemplate":"https:\/\/producersatwork.com\/en\/?s={search_term_string}"},"query-input":{"@type":"PropertyValueSpecification","valueRequired":true,"valueName":"search_term_string"}}],"inLanguage":"en-US"}]}},"_links":{"self":[{"href":"https:\/\/producersatwork.com\/en\/wp-json\/wp\/v2\/pages\/2","targetHints":{"allow":["GET"]}}],"collection":[{"href":"https:\/\/producersatwork.com\/en\/wp-json\/wp\/v2\/pages"}],"about":[{"href":"https:\/\/producersatwork.com\/en\/wp-json\/wp\/v2\/types\/page"}],"author":[{"embeddable":true,"href":"https:\/\/producersatwork.com\/en\/wp-json\/wp\/v2\/users\/1"}],"replies":[{"embeddable":true,"href":"https:\/\/producersatwork.com\/en\/wp-json\/wp\/v2\/comments?post=2"}],"version-history":[{"count":8,"href":"https:\/\/producersatwork.com\/en\/wp-json\/wp\/v2\/pages\/2\/revisions"}],"predecessor-version":[{"id":1250,"href":"https:\/\/producersatwork.com\/en\/wp-json\/wp\/v2\/pages\/2\/revisions\/1250"}],"wp:attachment":[{"href":"https:\/\/producersatwork.com\/en\/wp-json\/wp\/v2\/media?parent=2"}],"curies":[{"name":"wp","href":"https:\/\/api.w.org\/{rel}","templated":true}]}}