{"id":882,"date":"2018-06-21T13:12:08","date_gmt":"2018-06-21T11:12:08","guid":{"rendered":"http:\/\/producersatwork.com\/de\/?page_id=882"},"modified":"2024-03-04T10:50:36","modified_gmt":"2024-03-04T09:50:36","slug":"impressum-2","status":"publish","type":"page","link":"https:\/\/producersatwork.com\/de\/impressum-2\/","title":{"rendered":"Impressum"},"content":{"rendered":"<p><b>Angaben gem\u00e4\u00df \u00a7 5 TMG:<\/b><\/p>\n<p><span style=\"font-weight: 400;\">Producers at work <\/span><span style=\"font-weight: 400;\">Film GmbH<br \/>\n<\/span><span style=\"font-weight: 400;\">Karl-Heinrich-Ulrichs-Stra\u00dfe 20b<\/span><span style=\"font-weight: 400;\"><br \/>\n<\/span><span style=\"font-weight: 400;\">10785 Berlin<\/span><\/p>\n<p><b>Vertreten durch:<\/b><\/p>\n<p><span style=\"font-weight: 400;\">Christian Popp<\/span><\/p>\n<p><b>Kontakt:<\/b><\/p>\n<p><span style=\"font-weight: 400;\">Telefon: +49 (0) 30 34 34 73 501<\/span><span style=\"font-weight: 400;\"><br \/>\n<\/span><span style=\"font-weight: 400;\">Fax: +49 (0) 30 34 34 73 555<\/span><span style=\"font-weight: 400;\"><br \/>\n<\/span><span style=\"font-weight: 400;\">E-Mail: email@producersatwork.de<\/span><\/p>\n<p><b>Registereintrag:<\/b><\/p>\n<p><span style=\"font-weight: 400;\">Eintragung im Handelsregister. <\/span><span style=\"font-weight: 400;\"><br \/>\n<\/span><span style=\"font-weight: 400;\">Registergericht: Handelsregister Potsdam<\/span><span style=\"font-weight: 400;\"><br \/>\n<\/span><span style=\"font-weight: 400;\">Registernummer: 19384P AG Potsdam<\/span><\/p>\n<p><b>Umsatzsteuer:<\/b><\/p>\n<p><span style=\"font-weight: 400;\">Umsatzsteuer-Identifikationsnummer gem\u00e4\u00df \u00a727 a Umsatzsteuergesetz: <\/span><span style=\"font-weight: 400;\"><br \/>\n<\/span><span style=\"font-weight: 400;\">DE 814 508 413 <\/span><\/p>\n<p><b>Verantwortlich f\u00fcr den Inhalt nach \u00a7 55 Abs. 2 RStV:<\/b><\/p>\n<p><span style=\"font-weight: 400;\">Christian Popp <\/span><span style=\"font-weight: 400;\"><br \/>\n<\/span><span style=\"font-weight: 400;\">Karl-Heinrich-Ulrichs-Stra\u00dfe 20b\u00a0<\/span><span style=\"font-weight: 400;\"><br \/>\n<\/span><span style=\"font-weight: 400;\">10785 Berlin<\/span><\/p>\n<p><b>Streitschlichtung<\/b><\/p>\n<p><span style=\"font-weight: 400;\">Die Europ\u00e4ische Kommission stellt eine Plattform zur Online-Streitbeilegung (OS) bereit: <\/span><a href=\"https:\/\/ec.europa.eu\/consumers\/odr\"><span style=\"font-weight: 400;\">https:\/\/ec.europa.eu\/consumers\/odr<\/span><\/a><span style=\"font-weight: 400;\">. <\/span><span style=\"font-weight: 400;\"><br \/>\n<\/span><span style=\"font-weight: 400;\">Unsere E-Mail-Adresse finden Sie oben im Impressum.<\/span><\/p>\n<p><span style=\"font-weight: 400;\">Wir sind nicht bereit oder verpflichtet, an Streitbeilegungsverfahren vor einer Verbraucherschlichtungsstelle teilzunehmen.<\/span><\/p>\n<p><b>Haftung f\u00fcr Inhalte<\/b><\/p>\n<p><span style=\"font-weight: 400;\">Als Diensteanbieter sind wir gem\u00e4\u00df \u00a7 7 Abs.1 TMG f\u00fcr eigene Inhalte auf diesen Seiten nach den allgemeinen Gesetzen verantwortlich. Nach \u00a7\u00a7 8 bis 10 TMG sind wir als Diensteanbieter jedoch nicht verpflichtet, \u00fcbermittelte oder gespeicherte fremde Informationen zu \u00fcberwachen oder nach Umst\u00e4nden zu forschen, die auf eine rechtswidrige T\u00e4tigkeit hinweisen.<\/span><\/p>\n<p><span style=\"font-weight: 400;\">Verpflichtungen zur Entfernung oder Sperrung der Nutzung von Informationen nach den allgemeinen Gesetzen bleiben hiervon unber\u00fchrt. Eine diesbez\u00fcgliche Haftung ist jedoch erst ab dem Zeitpunkt der Kenntnis einer konkreten Rechtsverletzung m\u00f6glich. Bei Bekanntwerden von entsprechenden Rechtsverletzungen werden wir diese Inhalte umgehend entfernen.<\/span><\/p>\n<p><b>Haftung f\u00fcr Links<\/b><\/p>\n<p><span style=\"font-weight: 400;\">Unser Angebot enth\u00e4lt Links zu externen Websites Dritter, auf deren Inhalte wir keinen Einfluss haben. Deshalb k\u00f6nnen wir f\u00fcr diese fremden Inhalte auch keine Gew\u00e4hr \u00fcbernehmen. F\u00fcr die Inhalte der verlinkten Seiten ist stets der jeweilige Anbieter oder Betreiber der Seiten verantwortlich. Die verlinkten Seiten wurden zum Zeitpunkt der Verlinkung auf m\u00f6gliche Rechtsverst\u00f6\u00dfe \u00fcberpr\u00fcft. Rechtswidrige Inhalte waren zum Zeitpunkt der Verlinkung nicht erkennbar.<\/span><\/p>\n<p><span style=\"font-weight: 400;\">Eine permanente inhaltliche Kontrolle der verlinkten Seiten ist jedoch ohne konkrete Anhaltspunkte einer Rechtsverletzung nicht zumutbar. Bei Bekanntwerden von Rechtsverletzungen werden wir derartige Links umgehend entfernen.<\/span><\/p>\n<p><b>Urheberrecht<\/b><\/p>\n<p><span style=\"font-weight: 400;\">Die durch die Seitenbetreiber erstellten Inhalte und Werke auf diesen Seiten unterliegen dem deutschen Urheberrecht. Die Vervielf\u00e4ltigung, Bearbeitung, Verbreitung und jede Art der Verwertung au\u00dferhalb der Grenzen des Urheberrechtes bed\u00fcrfen der schriftlichen Zustimmung des jeweiligen Autors bzw. Erstellers.<\/span><\/p>\n<p><span style=\"font-weight: 400;\">Soweit die Inhalte auf dieser Seite nicht vom Betreiber erstellt wurden, werden die Urheberrechte Dritter beachtet. Insbesondere werden Inhalte Dritter als solche gekennzeichnet. Sollten Sie trotzdem auf eine Urheberrechtsverletzung aufmerksam werden, bitten wir um einen entsprechenden Hinweis. Bei Bekanntwerden von Rechtsverletzungen werden wir derartige Inhalte umgehend entfernen.<\/span><\/p>\n","protected":false},"excerpt":{"rendered":"<p>Angaben gem\u00e4\u00df \u00a7 5 TMG: Producers at work Film GmbH Karl-Heinrich-Ulrichs-Stra\u00dfe 20b 10785 Berlin Vertreten durch: Christian Popp Kontakt: Telefon: +49 (0) 30 34 34 73 501 Fax: +49 (0) 30 34 34 73 555 E-Mail: email@producersatwork.de Registereintrag: Eintragung im Handelsregister. Registergericht: Handelsregister Potsdam Registernummer: 19384P AG Potsdam Umsatzsteuer: Umsatzsteuer-Identifikationsnummer gem\u00e4\u00df \u00a727 a Umsatzsteuergesetz: DE &hellip; <\/p>\n<p class=\"link-more\"><a href=\"https:\/\/producersatwork.com\/de\/impressum-2\/\" class=\"more-link\"><span class=\"screen-reader-text\">\u201eImpressum\u201c<\/span> weiterlesen<\/a><\/p>\n","protected":false},"author":8,"featured_media":0,"parent":0,"menu_order":0,"comment_status":"closed","ping_status":"closed","template":"","meta":{"footnotes":""},"class_list":["post-882","page","type-page","status-publish","hentry"],"yoast_head":"<!-- This site is optimized with the Yoast SEO plugin v27.1.1 - https:\/\/yoast.com\/product\/yoast-seo-wordpress\/ -->\n<title>Impressum - Producers at Work DE<\/title>\n<meta name=\"robots\" content=\"index, follow, max-snippet:-1, max-image-preview:large, max-video-preview:-1\" \/>\n<link rel=\"canonical\" href=\"https:\/\/producersatwork.com\/de\/impressum-2\/\" \/>\n<meta property=\"og:locale\" content=\"de_DE\" \/>\n<meta property=\"og:type\" content=\"article\" \/>\n<meta property=\"og:title\" content=\"Impressum - Producers at Work DE\" \/>\n<meta property=\"og:description\" content=\"Angaben gem\u00e4\u00df \u00a7 5 TMG: Producers at work Film GmbH Karl-Heinrich-Ulrichs-Stra\u00dfe 20b 10785 Berlin Vertreten durch: Christian Popp Kontakt: Telefon: +49 (0) 30 34 34 73 501 Fax: +49 (0) 30 34 34 73 555 E-Mail: email@producersatwork.de Registereintrag: Eintragung im Handelsregister. Registergericht: Handelsregister Potsdam Registernummer: 19384P AG Potsdam Umsatzsteuer: Umsatzsteuer-Identifikationsnummer gem\u00e4\u00df \u00a727 a Umsatzsteuergesetz: DE &hellip; \u201eImpressum\u201c weiterlesen\" \/>\n<meta property=\"og:url\" content=\"https:\/\/producersatwork.com\/de\/impressum-2\/\" \/>\n<meta property=\"og:site_name\" content=\"Producers at Work DE\" \/>\n<meta property=\"article:modified_time\" content=\"2024-03-04T09:50:36+00:00\" \/>\n<meta name=\"twitter:card\" content=\"summary_large_image\" \/>\n<meta name=\"twitter:label1\" content=\"Gesch\u00e4tzte Lesezeit\" \/>\n\t<meta name=\"twitter:data1\" content=\"2\u00a0Minuten\" \/>\n<script type=\"application\/ld+json\" class=\"yoast-schema-graph\">{\"@context\":\"https:\/\/schema.org\",\"@graph\":[{\"@type\":\"WebPage\",\"@id\":\"https:\/\/producersatwork.com\/de\/impressum-2\/\",\"url\":\"https:\/\/producersatwork.com\/de\/impressum-2\/\",\"name\":\"Impressum - Producers at Work DE\",\"isPartOf\":{\"@id\":\"https:\/\/producersatwork.com\/de\/#website\"},\"datePublished\":\"2018-06-21T11:12:08+00:00\",\"dateModified\":\"2024-03-04T09:50:36+00:00\",\"breadcrumb\":{\"@id\":\"https:\/\/producersatwork.com\/de\/impressum-2\/#breadcrumb\"},\"inLanguage\":\"de\",\"potentialAction\":[{\"@type\":\"ReadAction\",\"target\":[\"https:\/\/producersatwork.com\/de\/impressum-2\/\"]}]},{\"@type\":\"BreadcrumbList\",\"@id\":\"https:\/\/producersatwork.com\/de\/impressum-2\/#breadcrumb\",\"itemListElement\":[{\"@type\":\"ListItem\",\"position\":1,\"name\":\"Startseite\",\"item\":\"https:\/\/producersatwork.com\/de\/\"},{\"@type\":\"ListItem\",\"position\":2,\"name\":\"Impressum\"}]},{\"@type\":\"WebSite\",\"@id\":\"https:\/\/producersatwork.com\/de\/#website\",\"url\":\"https:\/\/producersatwork.com\/de\/\",\"name\":\"Producers at Work DE\",\"description\":\"\",\"potentialAction\":[{\"@type\":\"SearchAction\",\"target\":{\"@type\":\"EntryPoint\",\"urlTemplate\":\"https:\/\/producersatwork.com\/de\/?s={search_term_string}\"},\"query-input\":{\"@type\":\"PropertyValueSpecification\",\"valueRequired\":true,\"valueName\":\"search_term_string\"}}],\"inLanguage\":\"de\"}]}<\/script>\n<!-- \/ Yoast SEO plugin. -->","yoast_head_json":{"title":"Impressum - Producers at Work DE","robots":{"index":"index","follow":"follow","max-snippet":"max-snippet:-1","max-image-preview":"max-image-preview:large","max-video-preview":"max-video-preview:-1"},"canonical":"https:\/\/producersatwork.com\/de\/impressum-2\/","og_locale":"de_DE","og_type":"article","og_title":"Impressum - Producers at Work DE","og_description":"Angaben gem\u00e4\u00df \u00a7 5 TMG: Producers at work Film GmbH Karl-Heinrich-Ulrichs-Stra\u00dfe 20b 10785 Berlin Vertreten durch: Christian Popp Kontakt: Telefon: +49 (0) 30 34 34 73 501 Fax: +49 (0) 30 34 34 73 555 E-Mail: email@producersatwork.de Registereintrag: Eintragung im Handelsregister. Registergericht: Handelsregister Potsdam Registernummer: 19384P AG Potsdam Umsatzsteuer: Umsatzsteuer-Identifikationsnummer gem\u00e4\u00df \u00a727 a Umsatzsteuergesetz: DE &hellip; \u201eImpressum\u201c weiterlesen","og_url":"https:\/\/producersatwork.com\/de\/impressum-2\/","og_site_name":"Producers at Work DE","article_modified_time":"2024-03-04T09:50:36+00:00","twitter_card":"summary_large_image","twitter_misc":{"Gesch\u00e4tzte Lesezeit":"2\u00a0Minuten"},"schema":{"@context":"https:\/\/schema.org","@graph":[{"@type":"WebPage","@id":"https:\/\/producersatwork.com\/de\/impressum-2\/","url":"https:\/\/producersatwork.com\/de\/impressum-2\/","name":"Impressum - Producers at Work DE","isPartOf":{"@id":"https:\/\/producersatwork.com\/de\/#website"},"datePublished":"2018-06-21T11:12:08+00:00","dateModified":"2024-03-04T09:50:36+00:00","breadcrumb":{"@id":"https:\/\/producersatwork.com\/de\/impressum-2\/#breadcrumb"},"inLanguage":"de","potentialAction":[{"@type":"ReadAction","target":["https:\/\/producersatwork.com\/de\/impressum-2\/"]}]},{"@type":"BreadcrumbList","@id":"https:\/\/producersatwork.com\/de\/impressum-2\/#breadcrumb","itemListElement":[{"@type":"ListItem","position":1,"name":"Startseite","item":"https:\/\/producersatwork.com\/de\/"},{"@type":"ListItem","position":2,"name":"Impressum"}]},{"@type":"WebSite","@id":"https:\/\/producersatwork.com\/de\/#website","url":"https:\/\/producersatwork.com\/de\/","name":"Producers at Work DE","description":"","potentialAction":[{"@type":"SearchAction","target":{"@type":"EntryPoint","urlTemplate":"https:\/\/producersatwork.com\/de\/?s={search_term_string}"},"query-input":{"@type":"PropertyValueSpecification","valueRequired":true,"valueName":"search_term_string"}}],"inLanguage":"de"}]}},"_links":{"self":[{"href":"https:\/\/producersatwork.com\/de\/wp-json\/wp\/v2\/pages\/882","targetHints":{"allow":["GET"]}}],"collection":[{"href":"https:\/\/producersatwork.com\/de\/wp-json\/wp\/v2\/pages"}],"about":[{"href":"https:\/\/producersatwork.com\/de\/wp-json\/wp\/v2\/types\/page"}],"author":[{"embeddable":true,"href":"https:\/\/producersatwork.com\/de\/wp-json\/wp\/v2\/users\/8"}],"replies":[{"embeddable":true,"href":"https:\/\/producersatwork.com\/de\/wp-json\/wp\/v2\/comments?post=882"}],"version-history":[{"count":6,"href":"https:\/\/producersatwork.com\/de\/wp-json\/wp\/v2\/pages\/882\/revisions"}],"predecessor-version":[{"id":1906,"href":"https:\/\/producersatwork.com\/de\/wp-json\/wp\/v2\/pages\/882\/revisions\/1906"}],"wp:attachment":[{"href":"https:\/\/producersatwork.com\/de\/wp-json\/wp\/v2\/media?parent=882"}],"curies":[{"name":"wp","href":"https:\/\/api.w.org\/{rel}","templated":true}]}}